{"id":1212,"date":"2025-02-25T13:36:12","date_gmt":"2025-02-25T12:36:12","guid":{"rendered":"http:\/\/tellusenergysolutions.de\/about-us\/"},"modified":"2025-04-12T09:23:49","modified_gmt":"2025-04-12T07:23:49","slug":"about-us","status":"publish","type":"page","link":"https:\/\/tellusenergysolutions.de\/en\/about-us\/","title":{"rendered":"About us"},"content":{"rendered":"<p>[et_pb_section fb_built=&#8221;1&#8243; _builder_version=&#8221;4.16&#8243; global_colors_info=&#8221;{}&#8221;][et_pb_row _builder_version=&#8221;4.16&#8243; background_size=&#8221;initial&#8221; background_position=&#8221;top_left&#8221; background_repeat=&#8221;repeat&#8221; global_colors_info=&#8221;{}&#8221;][et_pb_column type=&#8221;4_4&#8243; _builder_version=&#8221;4.16&#8243; custom_padding=&#8221;|||&#8221; global_colors_info=&#8221;{}&#8221; custom_padding__hover=&#8221;|||&#8221;][et_pb_text _builder_version=&#8221;4.27.4&#8243; text_text_color=&#8221;#003366&#8243; background_size=&#8221;initial&#8221; background_position=&#8221;top_left&#8221; background_repeat=&#8221;repeat&#8221; global_colors_info=&#8221;{}&#8221;]<\/p>\n<h1><em>Time to get to know us<br \/><\/em>Tellus Energy Solutions GmbH<\/h1>\n<p>Tellus Energy Solutions GmbH is an innovative start-up dedicated to exploring and developing natural hydrogen in combination with geothermal energy. Its mission is to provide decentralized, scalable, and sustainable energy solutions for communities, industries, and logistic hubs. Founded in February 2025 in Franconia, the company is headquartered in Hersbruck.  <\/p>\n<p>[\/et_pb_text][et_pb_image src=&#8221;http:\/\/tellusenergysolutions.de\/wp-content\/uploads\/2025\/03\/DSC08261-Kopie-2-scaled.jpg&#8221; title_text=&#8221;Tellus Energy Solutions Team&#8221; _builder_version=&#8221;4.27.4&#8243; _module_preset=&#8221;default&#8221; global_colors_info=&#8221;{}&#8221;][\/et_pb_image][et_pb_text _builder_version=&#8221;4.27.4&#8243; text_text_color=&#8221;#003366&#8243; background_size=&#8221;initial&#8221; background_position=&#8221;top_left&#8221; background_repeat=&#8221;repeat&#8221; global_colors_info=&#8221;{}&#8221;]<\/p>\n<p>Geological studies conducted by the GeoZentrum Nordbayern at the Friedrich-Alexander-University Erlangen-Nuremberg have revealed high levels of hydrogen in soil air measurements across certain regions of Northern Bavaria. Building on these findings in collaboration with the university, Tellus Energy Solutions is dedicated to exploring and harnessing the full potential of natural hydrogen in combination with geothermal energy as a clean and sustainable energy source for the future. As Germany&#8217;s first and only start-up with this concept, the company holds a significant knowledge advantage. This advantage is vital for realizing their ambitious plan to establish Europe\u2019s first production facility for natural hydrogen.   <\/p>\n<p>The three founders and managing directors of Tellus Energy Solutions GmbH are Dr. J\u00fcrgen Gr\u00f6tsch, Peter Zaal and Dr. Barbara Steinbauer-Gr\u00f6tsch. All three have many years of professional experience in their respective fields. The combination of technical expertise and pioneering spirit is coupled with the desire to make a contribution to fighting the climate crisis. Responsible corporate governance, technical competence and transparent communication are at the center of all activities.<\/p>\n<p>You can learn more about the founders of Tellus Energy Solutions <a href=\"https:\/\/tellusenergysolutions.de\/en\/about-us\/\">here<\/a>.<\/p>\n<p>[\/et_pb_text][\/et_pb_column][\/et_pb_row][et_pb_row column_structure=&#8221;1_4,3_4&#8243; make_equal=&#8221;on&#8221; _builder_version=&#8221;4.27.4&#8243; background_size=&#8221;initial&#8221; background_position=&#8221;top_left&#8221; background_repeat=&#8221;repeat&#8221; custom_css_main_element=&#8221;align-items: center;&#8221; global_colors_info=&#8221;{}&#8221;][et_pb_column type=&#8221;1_4&#8243; _builder_version=&#8221;4.16&#8243; custom_padding=&#8221;|||&#8221; global_colors_info=&#8221;{}&#8221; custom_padding__hover=&#8221;|||&#8221;][et_pb_icon font_icon=&#8221;&#xe0e7;||divi||400&#8243; icon_color=&#8221;#BF9004&#8243; icon_width=&#8221;73px&#8221; _builder_version=&#8221;4.27.4&#8243; _module_preset=&#8221;default&#8221; transform_scale=&#8221;172%|172%&#8221; filter_saturate=&#8221;104%&#8221; hover_enabled=&#8221;0&#8243; global_colors_info=&#8221;{}&#8221; sticky_enabled=&#8221;0&#8243;][\/et_pb_icon][\/et_pb_column][et_pb_column type=&#8221;3_4&#8243; _builder_version=&#8221;4.16&#8243; custom_padding=&#8221;|||&#8221; global_colors_info=&#8221;{}&#8221; custom_padding__hover=&#8221;|||&#8221;][et_pb_text admin_label=&#8221;Text &#8211; Unser \u00f6konomischer Ansatz&#8221; _builder_version=&#8221;4.27.4&#8243; text_text_color=&#8221;#003366&#8243; background_size=&#8221;initial&#8221; background_position=&#8221;top_left&#8221; background_repeat=&#8221;repeat&#8221; global_colors_info=&#8221;{}&#8221;]<\/p>\n<h2>Our <strong>Economic <\/strong>Model<\/h2>\n<p>Tellus Energy Solutions GmbH uses a risk-reduced business development model that mitigates financial and operational challenges. Our integrated approach to producing natural hydrogen in combination with geothermal energy minimizes investment risk by ensuring a solid economic base through the production of base load energy from geothermal energy. <\/p>\n<p>[\/et_pb_text][\/et_pb_column][\/et_pb_row][et_pb_row column_structure=&#8221;1_4,3_4&#8243; make_equal=&#8221;on&#8221; _builder_version=&#8221;4.27.4&#8243; background_size=&#8221;initial&#8221; background_position=&#8221;top_left&#8221; background_repeat=&#8221;repeat&#8221; custom_css_main_element=&#8221;align-items: center;&#8221; global_colors_info=&#8221;{}&#8221;][et_pb_column type=&#8221;1_4&#8243; _builder_version=&#8221;4.16&#8243; custom_padding=&#8221;|||&#8221; global_colors_info=&#8221;{}&#8221; custom_padding__hover=&#8221;|||&#8221;][et_pb_icon font_icon=&#8221;&#xe0e2;||divi||400&#8243; icon_color=&#8221;#BF9004&#8243; icon_width=&#8221;73px&#8221; _builder_version=&#8221;4.27.4&#8243; _module_preset=&#8221;default&#8221; transform_scale=&#8221;172%|172%&#8221; filter_saturate=&#8221;104%&#8221; global_colors_info=&#8221;{}&#8221;][\/et_pb_icon][\/et_pb_column][et_pb_column type=&#8221;3_4&#8243; _builder_version=&#8221;4.16&#8243; custom_padding=&#8221;|||&#8221; global_colors_info=&#8221;{}&#8221; custom_padding__hover=&#8221;|||&#8221;][et_pb_text admin_label=&#8221;Text &#8211; Aus Nordbayern in die Welt&#8221; _builder_version=&#8221;4.27.4&#8243; text_text_color=&#8221;#003366&#8243; background_size=&#8221;initial&#8221; background_position=&#8221;top_left&#8221; background_repeat=&#8221;repeat&#8221; global_colors_info=&#8221;{}&#8221;]<\/p>\n<h2>From <strong>North Bavaria<\/strong> to the World<\/h2>\n<p>Tellus Energy Solutions aims to unlock the full potential of natural hydrogen and geothermal energy. We are planning our first pilot project in North Bavaria, but the model is designed for global replication so that our solutions can be adapted to suitable regions and energy needs worldwide. Our goal is to develop hydrogen production sites that integrate seamlessly into local communities and provide low-cost, sustainable energy, while promoting economic growth and energy independence.  <\/p>\n<p>[\/et_pb_text][\/et_pb_column][\/et_pb_row][\/et_pb_section]<\/p>\n","protected":false},"excerpt":{"rendered":"<p>Time to get to know usTellus Energy Solutions GmbH Tellus Energy Solutions GmbH is an innovative start-up dedicated to exploring and developing natural hydrogen in combination with geothermal energy. Its mission is to provide decentralized, scalable, and sustainable energy solutions for communities, industries, and logistic hubs. Founded in February 2025 in Franconia, the company is [&hellip;]<\/p>\n","protected":false},"author":1,"featured_media":913,"parent":0,"menu_order":0,"comment_status":"closed","ping_status":"closed","template":"","meta":{"_et_pb_use_builder":"on","_et_pb_old_content":"<h1><em>Zeit uns kennen zu lernen<\/em><br \/>\u00dcber uns - <strong>Die K\u00f6pfe<\/strong><br \/>hinter der Version<\/h1><p>Tellus Energy Solutions GmbH ist ein dynamisches Start-up, das sich auf die Exploration und die Entwicklung von nat\u00fcrlichem Wasserstoff in Kombination mit geothermischer Energie fokussiert. Ziel ist es, dezentrale, skalierbare und nachhaltige Energiel\u00f6sungen f\u00fcr Gemeinden und Industriebetriebe anzubieten. Gegr\u00fcndet wurde das Unternehmen im Februar 2025 in Mittelfranken, der Unternehmenssitz liegt in Hersbruck.<\/p><p>Geologische Untersuchungen des GeoZentrums Nordbayern der Friedrich-Alexander-Universit\u00e4t Erlangen-N\u00fcrnberg ergaben hohe Mengen von Wasserstoff in Bodenluft-Messungen in einigen Regionen Nordbayerns. In Zusammenarbeit mit der Universit\u00e4t will Tellus Energy Solutions auf diesen Erkenntnissen aufbauen und das volle Potential von nat\u00fcrlichem Wasserstoff als Energiequelle der Zukunft erforschen und nutzbar machen. Das junge Start-up ist mit diesem Konzept bislang das erste und einzige Unternehmen in Deutschland und besitzt damit einen weitreichenden Wissensvorsprung. Dieser Wissensvorsprung ist essenziell f\u00fcr die Umsetzung des ehrgeizigen Plans, die erste Produktionsst\u00e4tte f\u00fcr nat\u00fcrlichem Wasserstoff in Europa zu realisieren.<\/p><p>Die drei Gesellschafter und Gesch\u00e4ftsf\u00fchrer von Tellus Energy Solutions GmbH sind Dr. J\u00fcrgen Gr\u00f6tsch, Peter Zaal und Dr. Barbara Steinbauer-Gr\u00f6tsch. Alle drei verf\u00fcgen in ihrem Bereich \u00fcber langj\u00e4hrige Berufserfahrung. Die Mischung aus fachlicher Expertise und Pioniergeist ist verbunden mit dem Bestreben, einen Beitrag zur Bew\u00e4ltigung der Klimakrise zu leisten. Dabei stehen verantwortungsvolle Unternehmensf\u00fchrung, fachliche Kompetenz und transparente Kommunikation im Zentrum des Handelns.<\/p><p>Mehr zu den Menschen hinter Tellus Energy Solutions finden Sie hier: Link zu den Biografien<\/p>","_et_gb_content_width":"","footnotes":""},"class_list":["post-1212","page","type-page","status-publish","has-post-thumbnail","hentry"],"yoast_head":"<!-- This site is optimized with the Yoast SEO plugin v26.6 - https:\/\/yoast.com\/wordpress\/plugins\/seo\/ -->\n<title>About us - TELLUS Energy Solutions<\/title>\n<meta name=\"robots\" content=\"index, follow, max-snippet:-1, max-image-preview:large, max-video-preview:-1\" \/>\n<link rel=\"canonical\" href=\"https:\/\/tellusenergysolutions.de\/en\/about-us\/\" \/>\n<meta property=\"og:locale\" content=\"en_US\" \/>\n<meta property=\"og:type\" content=\"article\" \/>\n<meta property=\"og:title\" content=\"About us - TELLUS Energy Solutions\" \/>\n<meta property=\"og:description\" content=\"Time to get to know usTellus Energy Solutions GmbH Tellus Energy Solutions GmbH is an innovative start-up dedicated to exploring and developing natural hydrogen in combination with geothermal energy. Its mission is to provide decentralized, scalable, and sustainable energy solutions for communities, industries, and logistic hubs. Founded in February 2025 in Franconia, the company is [&hellip;]\" \/>\n<meta property=\"og:url\" content=\"https:\/\/tellusenergysolutions.de\/en\/about-us\/\" \/>\n<meta property=\"og:site_name\" content=\"TELLUS Energy Solutions\" \/>\n<meta property=\"article:modified_time\" content=\"2025-04-12T07:23:49+00:00\" \/>\n<meta property=\"og:image\" content=\"https:\/\/tellusenergysolutions.de\/wp-content\/uploads\/2025\/03\/IMG_8869-Kopie-scaled.jpg\" \/>\n\t<meta property=\"og:image:width\" content=\"2560\" \/>\n\t<meta property=\"og:image:height\" content=\"786\" \/>\n\t<meta property=\"og:image:type\" content=\"image\/jpeg\" \/>\n<meta name=\"twitter:card\" content=\"summary_large_image\" \/>\n<meta name=\"twitter:label1\" content=\"Est. reading time\" \/>\n\t<meta name=\"twitter:data1\" content=\"2 minutes\" \/>\n<script type=\"application\/ld+json\" class=\"yoast-schema-graph\">{\"@context\":\"https:\/\/schema.org\",\"@graph\":[{\"@type\":\"WebPage\",\"@id\":\"https:\/\/tellusenergysolutions.de\/en\/about-us\/\",\"url\":\"https:\/\/tellusenergysolutions.de\/en\/about-us\/\",\"name\":\"About us - TELLUS Energy Solutions\",\"isPartOf\":{\"@id\":\"https:\/\/tellusenergysolutions.de\/en\/#website\"},\"primaryImageOfPage\":{\"@id\":\"https:\/\/tellusenergysolutions.de\/en\/about-us\/#primaryimage\"},\"image\":{\"@id\":\"https:\/\/tellusenergysolutions.de\/en\/about-us\/#primaryimage\"},\"thumbnailUrl\":\"https:\/\/tellusenergysolutions.de\/wp-content\/uploads\/2025\/03\/IMG_8869-Kopie-scaled.jpg\",\"datePublished\":\"2025-02-25T12:36:12+00:00\",\"dateModified\":\"2025-04-12T07:23:49+00:00\",\"breadcrumb\":{\"@id\":\"https:\/\/tellusenergysolutions.de\/en\/about-us\/#breadcrumb\"},\"inLanguage\":\"en-US\",\"potentialAction\":[{\"@type\":\"ReadAction\",\"target\":[\"https:\/\/tellusenergysolutions.de\/en\/about-us\/\"]}]},{\"@type\":\"ImageObject\",\"inLanguage\":\"en-US\",\"@id\":\"https:\/\/tellusenergysolutions.de\/en\/about-us\/#primaryimage\",\"url\":\"https:\/\/tellusenergysolutions.de\/wp-content\/uploads\/2025\/03\/IMG_8869-Kopie-scaled.jpg\",\"contentUrl\":\"https:\/\/tellusenergysolutions.de\/wp-content\/uploads\/2025\/03\/IMG_8869-Kopie-scaled.jpg\",\"width\":2560,\"height\":786},{\"@type\":\"BreadcrumbList\",\"@id\":\"https:\/\/tellusenergysolutions.de\/en\/about-us\/#breadcrumb\",\"itemListElement\":[{\"@type\":\"ListItem\",\"position\":1,\"name\":\"Startseite\",\"item\":\"https:\/\/tellusenergysolutions.de\/en\/\"},{\"@type\":\"ListItem\",\"position\":2,\"name\":\"About us\"}]},{\"@type\":\"WebSite\",\"@id\":\"https:\/\/tellusenergysolutions.de\/en\/#website\",\"url\":\"https:\/\/tellusenergysolutions.de\/en\/\",\"name\":\"TELLUS Energy Solutions\",\"description\":\"Energy Solutions\",\"publisher\":{\"@id\":\"https:\/\/tellusenergysolutions.de\/en\/#organization\"},\"alternateName\":\"Tellus Energy Solutions\",\"potentialAction\":[{\"@type\":\"SearchAction\",\"target\":{\"@type\":\"EntryPoint\",\"urlTemplate\":\"https:\/\/tellusenergysolutions.de\/en\/?s={search_term_string}\"},\"query-input\":{\"@type\":\"PropertyValueSpecification\",\"valueRequired\":true,\"valueName\":\"search_term_string\"}}],\"inLanguage\":\"en-US\"},{\"@type\":\"Organization\",\"@id\":\"https:\/\/tellusenergysolutions.de\/en\/#organization\",\"name\":\"Tellus\",\"alternateName\":\"Tellus Energy Solutions\",\"url\":\"https:\/\/tellusenergysolutions.de\/en\/\",\"logo\":{\"@type\":\"ImageObject\",\"inLanguage\":\"en-US\",\"@id\":\"https:\/\/tellusenergysolutions.de\/en\/#\/schema\/logo\/image\/\",\"url\":\"https:\/\/tellusenergysolutions.de\/wp-content\/uploads\/2025\/04\/icon.png\",\"contentUrl\":\"https:\/\/tellusenergysolutions.de\/wp-content\/uploads\/2025\/04\/icon.png\",\"width\":103,\"height\":103,\"caption\":\"Tellus\"},\"image\":{\"@id\":\"https:\/\/tellusenergysolutions.de\/en\/#\/schema\/logo\/image\/\"}}]}<\/script>\n<!-- \/ Yoast SEO plugin. -->","yoast_head_json":{"title":"About us - TELLUS Energy Solutions","robots":{"index":"index","follow":"follow","max-snippet":"max-snippet:-1","max-image-preview":"max-image-preview:large","max-video-preview":"max-video-preview:-1"},"canonical":"https:\/\/tellusenergysolutions.de\/en\/about-us\/","og_locale":"en_US","og_type":"article","og_title":"About us - TELLUS Energy Solutions","og_description":"Time to get to know usTellus Energy Solutions GmbH Tellus Energy Solutions GmbH is an innovative start-up dedicated to exploring and developing natural hydrogen in combination with geothermal energy. Its mission is to provide decentralized, scalable, and sustainable energy solutions for communities, industries, and logistic hubs. Founded in February 2025 in Franconia, the company is [&hellip;]","og_url":"https:\/\/tellusenergysolutions.de\/en\/about-us\/","og_site_name":"TELLUS Energy Solutions","article_modified_time":"2025-04-12T07:23:49+00:00","og_image":[{"width":2560,"height":786,"url":"https:\/\/tellusenergysolutions.de\/wp-content\/uploads\/2025\/03\/IMG_8869-Kopie-scaled.jpg","type":"image\/jpeg"}],"twitter_card":"summary_large_image","twitter_misc":{"Est. reading time":"2 minutes"},"schema":{"@context":"https:\/\/schema.org","@graph":[{"@type":"WebPage","@id":"https:\/\/tellusenergysolutions.de\/en\/about-us\/","url":"https:\/\/tellusenergysolutions.de\/en\/about-us\/","name":"About us - TELLUS Energy Solutions","isPartOf":{"@id":"https:\/\/tellusenergysolutions.de\/en\/#website"},"primaryImageOfPage":{"@id":"https:\/\/tellusenergysolutions.de\/en\/about-us\/#primaryimage"},"image":{"@id":"https:\/\/tellusenergysolutions.de\/en\/about-us\/#primaryimage"},"thumbnailUrl":"https:\/\/tellusenergysolutions.de\/wp-content\/uploads\/2025\/03\/IMG_8869-Kopie-scaled.jpg","datePublished":"2025-02-25T12:36:12+00:00","dateModified":"2025-04-12T07:23:49+00:00","breadcrumb":{"@id":"https:\/\/tellusenergysolutions.de\/en\/about-us\/#breadcrumb"},"inLanguage":"en-US","potentialAction":[{"@type":"ReadAction","target":["https:\/\/tellusenergysolutions.de\/en\/about-us\/"]}]},{"@type":"ImageObject","inLanguage":"en-US","@id":"https:\/\/tellusenergysolutions.de\/en\/about-us\/#primaryimage","url":"https:\/\/tellusenergysolutions.de\/wp-content\/uploads\/2025\/03\/IMG_8869-Kopie-scaled.jpg","contentUrl":"https:\/\/tellusenergysolutions.de\/wp-content\/uploads\/2025\/03\/IMG_8869-Kopie-scaled.jpg","width":2560,"height":786},{"@type":"BreadcrumbList","@id":"https:\/\/tellusenergysolutions.de\/en\/about-us\/#breadcrumb","itemListElement":[{"@type":"ListItem","position":1,"name":"Startseite","item":"https:\/\/tellusenergysolutions.de\/en\/"},{"@type":"ListItem","position":2,"name":"About us"}]},{"@type":"WebSite","@id":"https:\/\/tellusenergysolutions.de\/en\/#website","url":"https:\/\/tellusenergysolutions.de\/en\/","name":"TELLUS Energy Solutions","description":"Energy Solutions","publisher":{"@id":"https:\/\/tellusenergysolutions.de\/en\/#organization"},"alternateName":"Tellus Energy Solutions","potentialAction":[{"@type":"SearchAction","target":{"@type":"EntryPoint","urlTemplate":"https:\/\/tellusenergysolutions.de\/en\/?s={search_term_string}"},"query-input":{"@type":"PropertyValueSpecification","valueRequired":true,"valueName":"search_term_string"}}],"inLanguage":"en-US"},{"@type":"Organization","@id":"https:\/\/tellusenergysolutions.de\/en\/#organization","name":"Tellus","alternateName":"Tellus Energy Solutions","url":"https:\/\/tellusenergysolutions.de\/en\/","logo":{"@type":"ImageObject","inLanguage":"en-US","@id":"https:\/\/tellusenergysolutions.de\/en\/#\/schema\/logo\/image\/","url":"https:\/\/tellusenergysolutions.de\/wp-content\/uploads\/2025\/04\/icon.png","contentUrl":"https:\/\/tellusenergysolutions.de\/wp-content\/uploads\/2025\/04\/icon.png","width":103,"height":103,"caption":"Tellus"},"image":{"@id":"https:\/\/tellusenergysolutions.de\/en\/#\/schema\/logo\/image\/"}}]}},"_links":{"self":[{"href":"https:\/\/tellusenergysolutions.de\/en\/wp-json\/wp\/v2\/pages\/1212","targetHints":{"allow":["GET"]}}],"collection":[{"href":"https:\/\/tellusenergysolutions.de\/en\/wp-json\/wp\/v2\/pages"}],"about":[{"href":"https:\/\/tellusenergysolutions.de\/en\/wp-json\/wp\/v2\/types\/page"}],"author":[{"embeddable":true,"href":"https:\/\/tellusenergysolutions.de\/en\/wp-json\/wp\/v2\/users\/1"}],"replies":[{"embeddable":true,"href":"https:\/\/tellusenergysolutions.de\/en\/wp-json\/wp\/v2\/comments?post=1212"}],"version-history":[{"count":54,"href":"https:\/\/tellusenergysolutions.de\/en\/wp-json\/wp\/v2\/pages\/1212\/revisions"}],"predecessor-version":[{"id":1937,"href":"https:\/\/tellusenergysolutions.de\/en\/wp-json\/wp\/v2\/pages\/1212\/revisions\/1937"}],"wp:featuredmedia":[{"embeddable":true,"href":"https:\/\/tellusenergysolutions.de\/en\/wp-json\/wp\/v2\/media\/913"}],"wp:attachment":[{"href":"https:\/\/tellusenergysolutions.de\/en\/wp-json\/wp\/v2\/media?parent=1212"}],"curies":[{"name":"wp","href":"https:\/\/api.w.org\/{rel}","templated":true}]}}